{"id":13,"date":"2019-10-25T09:50:44","date_gmt":"2019-10-25T09:50:44","guid":{"rendered":"http:\/\/demo.athemes.com\/sydney-redesign\/?page_id=13"},"modified":"2020-04-08T07:42:13","modified_gmt":"2020-04-08T07:42:13","slug":"inicio","status":"publish","type":"page","link":"https:\/\/administracioncasamayor.es\/","title":{"rendered":"Inicio"},"content":{"rendered":"\t\t<div data-elementor-type=\"wp-page\" data-elementor-id=\"13\" class=\"elementor elementor-13\">\n\t\t\t\t\t\t<section class=\"elementor-section elementor-top-section elementor-element elementor-element-0232e55 elementor-section-boxed elementor-section-height-default elementor-section-height-default\" data-id=\"0232e55\" data-element_type=\"section\" data-e-type=\"section\" id=\"quienes\" data-settings=\"{&quot;background_background&quot;:&quot;classic&quot;}\">\n\t\t\t\t\t\t<div class=\"elementor-container elementor-column-gap-default\">\n\t\t\t\t\t<div class=\"elementor-column elementor-col-100 elementor-top-column elementor-element elementor-element-2253cb9\" data-id=\"2253cb9\" data-element_type=\"column\" data-e-type=\"column\">\n\t\t\t<div class=\"elementor-widget-wrap elementor-element-populated\">\n\t\t\t\t\t\t<div class=\"elementor-element elementor-element-d29d24f elementor-widget elementor-widget-heading\" data-id=\"d29d24f\" data-element_type=\"widget\" data-e-type=\"widget\" data-widget_type=\"heading.default\">\n\t\t\t\t<div class=\"elementor-widget-container\">\n\t\t\t\t\t<h1 class=\"elementor-heading-title elementor-size-default\">Quienes somos<\/h1>\t\t\t\t<\/div>\n\t\t\t\t<\/div>\n\t\t\t\t<section class=\"elementor-section elementor-inner-section elementor-element elementor-element-5e671bc elementor-section-boxed elementor-section-height-default elementor-section-height-default\" data-id=\"5e671bc\" data-element_type=\"section\" data-e-type=\"section\">\n\t\t\t\t\t\t<div class=\"elementor-container elementor-column-gap-default\">\n\t\t\t\t\t<div class=\"elementor-column elementor-col-50 elementor-inner-column elementor-element elementor-element-560a5ae\" data-id=\"560a5ae\" data-element_type=\"column\" data-e-type=\"column\" data-settings=\"{&quot;background_background&quot;:&quot;classic&quot;}\">\n\t\t\t<div class=\"elementor-widget-wrap elementor-element-populated\">\n\t\t\t\t\t\t<div class=\"elementor-element elementor-element-4b5d12f elementor-widget elementor-widget-spacer\" data-id=\"4b5d12f\" data-element_type=\"widget\" data-e-type=\"widget\" data-widget_type=\"spacer.default\">\n\t\t\t\t<div class=\"elementor-widget-container\">\n\t\t\t\t\t\t\t<div class=\"elementor-spacer\">\n\t\t\t<div class=\"elementor-spacer-inner\"><\/div>\n\t\t<\/div>\n\t\t\t\t\t\t<\/div>\n\t\t\t\t<\/div>\n\t\t\t\t<div class=\"elementor-element elementor-element-561df74 agrandar elementor-widget elementor-widget-image\" data-id=\"561df74\" data-element_type=\"widget\" data-e-type=\"widget\" data-widget_type=\"image.default\">\n\t\t\t\t<div class=\"elementor-widget-container\">\n\t\t\t\t\t\t\t\t\t\t\t\t\t\t\t\t<a href=\"https:\/\/administracioncasamayor.es\/?page_id=639\">\n\t\t\t\t\t\t\t<img decoding=\"async\" width=\"275\" height=\"72\" src=\"https:\/\/administracioncasamayor.es\/wp-content\/uploads\/2020\/04\/LOGO_FINCAS.png\" class=\"attachment-large size-large wp-image-631\" alt=\"\" srcset=\"https:\/\/administracioncasamayor.es\/wp-content\/uploads\/2020\/04\/LOGO_FINCAS.png 275w, https:\/\/administracioncasamayor.es\/wp-content\/uploads\/2020\/04\/LOGO_FINCAS-230x60.png 230w\" sizes=\"(max-width: 275px) 100vw, 275px\" \/>\t\t\t\t\t\t\t\t<\/a>\n\t\t\t\t\t\t\t\t\t\t\t\t\t\t\t<\/div>\n\t\t\t\t<\/div>\n\t\t\t\t<div class=\"elementor-element elementor-element-de2c953 elementor-widget elementor-widget-heading\" data-id=\"de2c953\" data-element_type=\"widget\" data-e-type=\"widget\" data-widget_type=\"heading.default\">\n\t\t\t\t<div class=\"elementor-widget-container\">\n\t\t\t\t\t<h2 class=\"elementor-heading-title elementor-size-default\">Casamayor<\/h2>\t\t\t\t<\/div>\n\t\t\t\t<\/div>\n\t\t\t\t<div class=\"elementor-element elementor-element-e3a6c4f elementor-widget elementor-widget-text-editor\" data-id=\"e3a6c4f\" data-element_type=\"widget\" data-e-type=\"widget\" data-widget_type=\"text-editor.default\">\n\t\t\t\t<div class=\"elementor-widget-container\">\n\t\t\t\t\t\t\t\t\t<p>Administraci\u00f3n de fincas \u201cCasamayor\u201d, lleva trabajando con este nombre comercial desde Enero de 2009, siendo su titular Rufino M. Bl\u00e1zquez Casamayor, colegiado auton\u00f3mico del Colegio de Administradores de Fincas de La Rioja, n\u00famero 85, con una experiencia de 20 a\u00f1os en la gesti\u00f3n de comunidades en La Rioja y gesti\u00f3n de obras de eliminaci\u00f3n de barreras arquitect\u00f3nicas.<\/p><p>Buscamos la mejor eficiencia energ\u00e9tica para su edificio conforme a la Directiva 2012\/27\/UE del Parlamento Europeo y del Consejo, de 25 de octubre de 2012, relativa a la eficiencia energ\u00e9tica y los servicios energ\u00e9ticos cuya pretensi\u00f3n es definir medidas de mejora.<\/p>\t\t\t\t\t\t\t\t<\/div>\n\t\t\t\t<\/div>\n\t\t\t\t\t<\/div>\n\t\t<\/div>\n\t\t\t\t<div class=\"elementor-column elementor-col-50 elementor-inner-column elementor-element elementor-element-cf4b21c\" data-id=\"cf4b21c\" data-element_type=\"column\" data-e-type=\"column\" data-settings=\"{&quot;background_background&quot;:&quot;classic&quot;}\">\n\t\t\t<div class=\"elementor-widget-wrap elementor-element-populated\">\n\t\t\t\t\t\t<div class=\"elementor-element elementor-element-94c088a agrandar elementor-widget elementor-widget-image\" data-id=\"94c088a\" data-element_type=\"widget\" data-e-type=\"widget\" data-widget_type=\"image.default\">\n\t\t\t\t<div class=\"elementor-widget-container\">\n\t\t\t\t\t\t\t\t\t\t\t\t\t\t\t\t<a href=\"https:\/\/administracioncasamayor.es\/?page_id=641\">\n\t\t\t\t\t\t\t<img fetchpriority=\"high\" decoding=\"async\" width=\"300\" height=\"193\" src=\"https:\/\/administracioncasamayor.es\/wp-content\/uploads\/2020\/04\/LOGO_ABOG-300x193.png\" class=\"attachment-medium size-medium wp-image-606\" alt=\"\" srcset=\"https:\/\/administracioncasamayor.es\/wp-content\/uploads\/2020\/04\/LOGO_ABOG-300x193.png 300w, https:\/\/administracioncasamayor.es\/wp-content\/uploads\/2020\/04\/LOGO_ABOG-230x148.png 230w, https:\/\/administracioncasamayor.es\/wp-content\/uploads\/2020\/04\/LOGO_ABOG-350x226.png 350w, https:\/\/administracioncasamayor.es\/wp-content\/uploads\/2020\/04\/LOGO_ABOG.png 411w\" sizes=\"(max-width: 300px) 100vw, 300px\" \/>\t\t\t\t\t\t\t\t<\/a>\n\t\t\t\t\t\t\t\t\t\t\t\t\t\t\t<\/div>\n\t\t\t\t<\/div>\n\t\t\t\t<div class=\"elementor-element elementor-element-8937fc0 elementor-widget elementor-widget-heading\" data-id=\"8937fc0\" data-element_type=\"widget\" data-e-type=\"widget\" data-widget_type=\"heading.default\">\n\t\t\t\t<div class=\"elementor-widget-container\">\n\t\t\t\t\t<h2 class=\"elementor-heading-title elementor-size-default\">Bl\u00e1zquez-Abogados<\/h2>\t\t\t\t<\/div>\n\t\t\t\t<\/div>\n\t\t\t\t<div class=\"elementor-element elementor-element-94b432a elementor-widget elementor-widget-text-editor\" data-id=\"94b432a\" data-element_type=\"widget\" data-e-type=\"widget\" data-widget_type=\"text-editor.default\">\n\t\t\t\t<div class=\"elementor-widget-container\">\n\t\t\t\t\t\t\t\t\t<p>Es un despacho de abogados ubicado en Logro\u00f1o, siendo su titular colegiado del Ilustre Colegio de Abogados de La Rioja, n\u00famero 895.\u00a0 Despacho abierto desde el a\u00f1o 1993.<\/p><p>Experiencia en el turno de oficio con m\u00e1s de 15 a\u00f1os, en asuntos penales y expedientes de menores.<\/p>\t\t\t\t\t\t\t\t<\/div>\n\t\t\t\t<\/div>\n\t\t\t\t\t<\/div>\n\t\t<\/div>\n\t\t\t\t\t<\/div>\n\t\t<\/section>\n\t\t\t\t\t<\/div>\n\t\t<\/div>\n\t\t\t\t\t<\/div>\n\t\t<\/section>\n\t\t\t\t<section class=\"elementor-section elementor-top-section elementor-element elementor-element-2d93a0c elementor-section-stretched elementor-section-height-min-height elementor-section-boxed elementor-section-height-default elementor-section-items-middle\" data-id=\"2d93a0c\" data-element_type=\"section\" data-e-type=\"section\" data-settings=\"{&quot;stretch_section&quot;:&quot;section-stretched&quot;,&quot;background_background&quot;:&quot;classic&quot;}\">\n\t\t\t\t\t\t<div class=\"elementor-container elementor-column-gap-default\">\n\t\t\t\t\t<div class=\"elementor-column elementor-col-100 elementor-top-column elementor-element elementor-element-5ead722\" data-id=\"5ead722\" data-element_type=\"column\" data-e-type=\"column\">\n\t\t\t<div class=\"elementor-widget-wrap elementor-element-populated\">\n\t\t\t\t\t\t<div class=\"elementor-element elementor-element-4021013 elementor-widget elementor-widget-heading\" data-id=\"4021013\" data-element_type=\"widget\" data-e-type=\"widget\" data-widget_type=\"heading.default\">\n\t\t\t\t<div class=\"elementor-widget-container\">\n\t\t\t\t\t<h2 class=\"elementor-heading-title elementor-size-default\">Puede ponerse en contacto con nosotros <br>estaremos encantados de atenderle y le contestaremos lo antes posible.<\/h2>\t\t\t\t<\/div>\n\t\t\t\t<\/div>\n\t\t\t\t<div class=\"elementor-element elementor-element-0118f7a elementor-align-center elementor-widget elementor-widget-button\" data-id=\"0118f7a\" data-element_type=\"widget\" data-e-type=\"widget\" data-widget_type=\"button.default\">\n\t\t\t\t<div class=\"elementor-widget-container\">\n\t\t\t\t\t\t\t\t\t<div class=\"elementor-button-wrapper\">\n\t\t\t\t\t<a class=\"elementor-button elementor-button-link elementor-size-xl\" href=\"https:\/\/administracioncasamayor.es\/?page_id=623\">\n\t\t\t\t\t\t<span class=\"elementor-button-content-wrapper\">\n\t\t\t\t\t\t\t\t\t<span class=\"elementor-button-text\">Contacto<\/span>\n\t\t\t\t\t<\/span>\n\t\t\t\t\t<\/a>\n\t\t\t\t<\/div>\n\t\t\t\t\t\t\t\t<\/div>\n\t\t\t\t<\/div>\n\t\t\t\t\t<\/div>\n\t\t<\/div>\n\t\t\t\t\t<\/div>\n\t\t<\/section>\n\t\t\t\t<section class=\"elementor-section elementor-top-section elementor-element elementor-element-a9592f1 elementor-section-boxed elementor-section-height-default elementor-section-height-default\" data-id=\"a9592f1\" data-element_type=\"section\" data-e-type=\"section\" data-settings=\"{&quot;background_background&quot;:&quot;classic&quot;}\">\n\t\t\t\t\t\t<div class=\"elementor-container elementor-column-gap-default\">\n\t\t\t\t\t<div class=\"elementor-column elementor-col-100 elementor-top-column elementor-element elementor-element-fed8f11\" data-id=\"fed8f11\" data-element_type=\"column\" data-e-type=\"column\">\n\t\t\t<div class=\"elementor-widget-wrap elementor-element-populated\">\n\t\t\t\t\t\t<div class=\"elementor-element elementor-element-87a2c7a elementor-widget elementor-widget-heading\" data-id=\"87a2c7a\" data-element_type=\"widget\" data-e-type=\"widget\" data-widget_type=\"heading.default\">\n\t\t\t\t<div class=\"elementor-widget-container\">\n\t\t\t\t\t<h1 class=\"elementor-heading-title elementor-size-default\">Como Trabamos<\/h1>\t\t\t\t<\/div>\n\t\t\t\t<\/div>\n\t\t\t\t<section class=\"elementor-section elementor-inner-section elementor-element elementor-element-9d4fd7c elementor-section-boxed elementor-section-height-default elementor-section-height-default\" data-id=\"9d4fd7c\" data-element_type=\"section\" data-e-type=\"section\">\n\t\t\t\t\t\t<div class=\"elementor-container elementor-column-gap-default\">\n\t\t\t\t\t<div class=\"elementor-column elementor-col-33 elementor-inner-column elementor-element elementor-element-1e34460\" data-id=\"1e34460\" data-element_type=\"column\" data-e-type=\"column\" data-settings=\"{&quot;background_background&quot;:&quot;classic&quot;}\">\n\t\t\t<div class=\"elementor-widget-wrap elementor-element-populated\">\n\t\t\t\t\t\t<div class=\"elementor-element elementor-element-c337808 elementor-view-stacked elementor-shape-circle elementor-position-block-start elementor-mobile-position-block-start elementor-widget elementor-widget-icon-box\" data-id=\"c337808\" data-element_type=\"widget\" data-e-type=\"widget\" data-widget_type=\"icon-box.default\">\n\t\t\t\t<div class=\"elementor-widget-container\">\n\t\t\t\t\t\t\t<div class=\"elementor-icon-box-wrapper\">\n\n\t\t\t\t\t\t<div class=\"elementor-icon-box-icon\">\n\t\t\t\t<span  class=\"elementor-icon\">\n\t\t\t\t<i aria-hidden=\"true\" class=\"fas fa-check-circle\"><\/i>\t\t\t\t<\/span>\n\t\t\t<\/div>\n\t\t\t\n\t\t\t\t\t\t<div class=\"elementor-icon-box-content\">\n\n\t\t\t\t\t\t\t\t\t<h2 class=\"elementor-icon-box-title\">\n\t\t\t\t\t\t<span  >\n\t\t\t\t\t\t\tAsesoramiento personalizado\t\t\t\t\t\t<\/span>\n\t\t\t\t\t<\/h2>\n\t\t\t\t\n\t\t\t\t\t\t\t\t\t<p class=\"elementor-icon-box-description\">\n\t\t\t\t\t\tAsesoramiento personalizado y compromiso con el cliente. Ofrecemos un asesoramiento especializado y toda la informaci\u00f3n que necesite con el \u00fanico objetivo de satisfacer todas sus necesidades.\t\t\t\t\t<\/p>\n\t\t\t\t\n\t\t\t<\/div>\n\t\t\t\n\t\t<\/div>\n\t\t\t\t\t\t<\/div>\n\t\t\t\t<\/div>\n\t\t\t\t\t<\/div>\n\t\t<\/div>\n\t\t\t\t<div class=\"elementor-column elementor-col-33 elementor-inner-column elementor-element elementor-element-2adddde\" data-id=\"2adddde\" data-element_type=\"column\" data-e-type=\"column\" data-settings=\"{&quot;background_background&quot;:&quot;classic&quot;}\">\n\t\t\t<div class=\"elementor-widget-wrap elementor-element-populated\">\n\t\t\t\t\t\t<div class=\"elementor-element elementor-element-79f9532 elementor-view-stacked elementor-shape-circle elementor-position-block-start elementor-mobile-position-block-start elementor-widget elementor-widget-icon-box\" data-id=\"79f9532\" data-element_type=\"widget\" data-e-type=\"widget\" data-widget_type=\"icon-box.default\">\n\t\t\t\t<div class=\"elementor-widget-container\">\n\t\t\t\t\t\t\t<div class=\"elementor-icon-box-wrapper\">\n\n\t\t\t\t\t\t<div class=\"elementor-icon-box-icon\">\n\t\t\t\t<span  class=\"elementor-icon\">\n\t\t\t\t<i aria-hidden=\"true\" class=\"fas fa-check-circle\"><\/i>\t\t\t\t<\/span>\n\t\t\t<\/div>\n\t\t\t\n\t\t\t\t\t\t<div class=\"elementor-icon-box-content\">\n\n\t\t\t\t\t\t\t\t\t<h2 class=\"elementor-icon-box-title\">\n\t\t\t\t\t\t<span  >\n\t\t\t\t\t\t\tTransparencia y proximidad\t\t\t\t\t\t<\/span>\n\t\t\t\t\t<\/h2>\n\t\t\t\t\n\t\t\t\t\t\t\t\t\t<p class=\"elementor-icon-box-description\">\n\t\t\t\t\t\tOfrecemos un servicio \u00fanico, aportando una transparencia total de la documentaci\u00f3n y cuentas de la Comunidad. La confianza de nuestros clientes nos avala.\t\t\t\t\t<\/p>\n\t\t\t\t\n\t\t\t<\/div>\n\t\t\t\n\t\t<\/div>\n\t\t\t\t\t\t<\/div>\n\t\t\t\t<\/div>\n\t\t\t\t\t<\/div>\n\t\t<\/div>\n\t\t\t\t<div class=\"elementor-column elementor-col-33 elementor-inner-column elementor-element elementor-element-059752a\" data-id=\"059752a\" data-element_type=\"column\" data-e-type=\"column\" data-settings=\"{&quot;background_background&quot;:&quot;classic&quot;}\">\n\t\t\t<div class=\"elementor-widget-wrap elementor-element-populated\">\n\t\t\t\t\t\t<div class=\"elementor-element elementor-element-437fb47 elementor-view-stacked elementor-shape-circle elementor-position-block-start elementor-mobile-position-block-start elementor-widget elementor-widget-icon-box\" data-id=\"437fb47\" data-element_type=\"widget\" data-e-type=\"widget\" data-widget_type=\"icon-box.default\">\n\t\t\t\t<div class=\"elementor-widget-container\">\n\t\t\t\t\t\t\t<div class=\"elementor-icon-box-wrapper\">\n\n\t\t\t\t\t\t<div class=\"elementor-icon-box-icon\">\n\t\t\t\t<span  class=\"elementor-icon\">\n\t\t\t\t<i aria-hidden=\"true\" class=\"fas fa-check-circle\"><\/i>\t\t\t\t<\/span>\n\t\t\t<\/div>\n\t\t\t\n\t\t\t\t\t\t<div class=\"elementor-icon-box-content\">\n\n\t\t\t\t\t\t\t\t\t<h2 class=\"elementor-icon-box-title\">\n\t\t\t\t\t\t<span  >\n\t\t\t\t\t\t\tExperiencia y especializaci\u00f3n\t\t\t\t\t\t<\/span>\n\t\t\t\t\t<\/h2>\n\t\t\t\t\n\t\t\t\t\t\t\t\t\t<p class=\"elementor-icon-box-description\">\n\t\t\t\t\t\tEspecializaci\u00f3n inteligente: nos adaptamos a tus necesidades. Nuestro objetivo es que las comunidades de propietarios sean sostenibles y equilibradas, actuando con criterios de eficacia, eficiencia y econom\u00eda.\t\t\t\t\t<\/p>\n\t\t\t\t\n\t\t\t<\/div>\n\t\t\t\n\t\t<\/div>\n\t\t\t\t\t\t<\/div>\n\t\t\t\t<\/div>\n\t\t\t\t\t<\/div>\n\t\t<\/div>\n\t\t\t\t\t<\/div>\n\t\t<\/section>\n\t\t\t\t\t<\/div>\n\t\t<\/div>\n\t\t\t\t\t<\/div>\n\t\t<\/section>\n\t\t\t\t<section class=\"elementor-section elementor-top-section elementor-element elementor-element-2c063dc elementor-section-boxed elementor-section-height-default elementor-section-height-default\" data-id=\"2c063dc\" data-element_type=\"section\" data-e-type=\"section\">\n\t\t\t\t\t\t<div class=\"elementor-container elementor-column-gap-default\">\n\t\t\t\t\t<div class=\"elementor-column elementor-col-100 elementor-top-column elementor-element elementor-element-0073543\" data-id=\"0073543\" data-element_type=\"column\" data-e-type=\"column\">\n\t\t\t<div class=\"elementor-widget-wrap\">\n\t\t\t\t\t\t\t<\/div>\n\t\t<\/div>\n\t\t\t\t\t<\/div>\n\t\t<\/section>\n\t\t\t\t<\/div>\n\t\t","protected":false},"excerpt":{"rendered":"<p>Quienes somos Casamayor Administraci\u00f3n de fincas \u201cCasamayor\u201d, lleva trabajando con este nombre comercial desde Enero de 2009, siendo su titular Rufino M. [&hellip;]<\/p>\n","protected":false},"author":1,"featured_media":0,"parent":0,"menu_order":0,"comment_status":"closed","ping_status":"closed","template":"page-templates\/page_front-page.php","meta":{"footnotes":""},"class_list":["post-13","page","type-page","status-publish","hentry"],"yoast_head":"<!-- This site is optimized with the Yoast SEO plugin v27.2 - https:\/\/yoast.com\/product\/yoast-seo-wordpress\/ -->\n<title>Inicio - Casamayor<\/title>\n<meta name=\"robots\" content=\"index, follow, max-snippet:-1, max-image-preview:large, max-video-preview:-1\" \/>\n<link rel=\"canonical\" href=\"https:\/\/administracioncasamayor.es\/\" \/>\n<meta property=\"og:locale\" content=\"es_ES\" \/>\n<meta property=\"og:type\" content=\"article\" \/>\n<meta property=\"og:title\" content=\"Inicio - Casamayor\" \/>\n<meta property=\"og:description\" content=\"Quienes somos Casamayor Administraci\u00f3n de fincas \u201cCasamayor\u201d, lleva trabajando con este nombre comercial desde Enero de 2009, siendo su titular Rufino M. [&hellip;]\" \/>\n<meta property=\"og:url\" content=\"https:\/\/administracioncasamayor.es\/\" \/>\n<meta property=\"og:site_name\" content=\"Casamayor\" \/>\n<meta property=\"article:modified_time\" content=\"2020-04-08T07:42:13+00:00\" \/>\n<meta property=\"og:image\" content=\"https:\/\/administracioncasamayor.es\/wp-content\/uploads\/2020\/04\/LOGO_FINCAS.png\" \/>\n<meta name=\"twitter:card\" content=\"summary_large_image\" \/>\n<meta name=\"twitter:label1\" content=\"Tiempo de lectura\" \/>\n\t<meta name=\"twitter:data1\" content=\"1 minuto\" \/>\n<script type=\"application\/ld+json\" class=\"yoast-schema-graph\">{\"@context\":\"https:\/\/schema.org\",\"@graph\":[{\"@type\":\"WebPage\",\"@id\":\"https:\/\/administracioncasamayor.es\/\",\"url\":\"https:\/\/administracioncasamayor.es\/\",\"name\":\"Inicio - Casamayor\",\"isPartOf\":{\"@id\":\"https:\/\/administracioncasamayor.es\/#website\"},\"primaryImageOfPage\":{\"@id\":\"https:\/\/administracioncasamayor.es\/#primaryimage\"},\"image\":{\"@id\":\"https:\/\/administracioncasamayor.es\/#primaryimage\"},\"thumbnailUrl\":\"https:\/\/administracioncasamayor.es\/wp-content\/uploads\/2020\/04\/LOGO_FINCAS.png\",\"datePublished\":\"2019-10-25T09:50:44+00:00\",\"dateModified\":\"2020-04-08T07:42:13+00:00\",\"breadcrumb\":{\"@id\":\"https:\/\/administracioncasamayor.es\/#breadcrumb\"},\"inLanguage\":\"es\",\"potentialAction\":[{\"@type\":\"ReadAction\",\"target\":[\"https:\/\/administracioncasamayor.es\/\"]}]},{\"@type\":\"ImageObject\",\"inLanguage\":\"es\",\"@id\":\"https:\/\/administracioncasamayor.es\/#primaryimage\",\"url\":\"https:\/\/administracioncasamayor.es\/wp-content\/uploads\/2020\/04\/LOGO_FINCAS.png\",\"contentUrl\":\"https:\/\/administracioncasamayor.es\/wp-content\/uploads\/2020\/04\/LOGO_FINCAS.png\",\"width\":275,\"height\":72},{\"@type\":\"BreadcrumbList\",\"@id\":\"https:\/\/administracioncasamayor.es\/#breadcrumb\",\"itemListElement\":[{\"@type\":\"ListItem\",\"position\":1,\"name\":\"Portada\",\"item\":\"https:\/\/administracioncasamayor.es\/\"},{\"@type\":\"ListItem\",\"position\":2,\"name\":\"Inicio\"}]},{\"@type\":\"WebSite\",\"@id\":\"https:\/\/administracioncasamayor.es\/#website\",\"url\":\"https:\/\/administracioncasamayor.es\/\",\"name\":\"Casamayor\",\"description\":\"Rufino Manuel Bl\u00e1zquez, Abogado y Administrador de Fincas en Logro\u00f1o\",\"publisher\":{\"@id\":\"https:\/\/administracioncasamayor.es\/#organization\"},\"potentialAction\":[{\"@type\":\"SearchAction\",\"target\":{\"@type\":\"EntryPoint\",\"urlTemplate\":\"https:\/\/administracioncasamayor.es\/?s={search_term_string}\"},\"query-input\":{\"@type\":\"PropertyValueSpecification\",\"valueRequired\":true,\"valueName\":\"search_term_string\"}}],\"inLanguage\":\"es\"},{\"@type\":\"Organization\",\"@id\":\"https:\/\/administracioncasamayor.es\/#organization\",\"name\":\"Casamayor\",\"url\":\"https:\/\/administracioncasamayor.es\/\",\"logo\":{\"@type\":\"ImageObject\",\"inLanguage\":\"es\",\"@id\":\"https:\/\/administracioncasamayor.es\/#\/schema\/logo\/image\/\",\"url\":\"https:\/\/administracioncasamayor.es\/wp-content\/uploads\/2020\/04\/LOGO.png\",\"contentUrl\":\"https:\/\/administracioncasamayor.es\/wp-content\/uploads\/2020\/04\/LOGO.png\",\"width\":275,\"height\":114,\"caption\":\"Casamayor\"},\"image\":{\"@id\":\"https:\/\/administracioncasamayor.es\/#\/schema\/logo\/image\/\"}}]}<\/script>\n<!-- \/ Yoast SEO plugin. -->","yoast_head_json":{"title":"Inicio - Casamayor","robots":{"index":"index","follow":"follow","max-snippet":"max-snippet:-1","max-image-preview":"max-image-preview:large","max-video-preview":"max-video-preview:-1"},"canonical":"https:\/\/administracioncasamayor.es\/","og_locale":"es_ES","og_type":"article","og_title":"Inicio - Casamayor","og_description":"Quienes somos Casamayor Administraci\u00f3n de fincas \u201cCasamayor\u201d, lleva trabajando con este nombre comercial desde Enero de 2009, siendo su titular Rufino M. [&hellip;]","og_url":"https:\/\/administracioncasamayor.es\/","og_site_name":"Casamayor","article_modified_time":"2020-04-08T07:42:13+00:00","og_image":[{"url":"https:\/\/administracioncasamayor.es\/wp-content\/uploads\/2020\/04\/LOGO_FINCAS.png","type":"","width":"","height":""}],"twitter_card":"summary_large_image","twitter_misc":{"Tiempo de lectura":"1 minuto"},"schema":{"@context":"https:\/\/schema.org","@graph":[{"@type":"WebPage","@id":"https:\/\/administracioncasamayor.es\/","url":"https:\/\/administracioncasamayor.es\/","name":"Inicio - Casamayor","isPartOf":{"@id":"https:\/\/administracioncasamayor.es\/#website"},"primaryImageOfPage":{"@id":"https:\/\/administracioncasamayor.es\/#primaryimage"},"image":{"@id":"https:\/\/administracioncasamayor.es\/#primaryimage"},"thumbnailUrl":"https:\/\/administracioncasamayor.es\/wp-content\/uploads\/2020\/04\/LOGO_FINCAS.png","datePublished":"2019-10-25T09:50:44+00:00","dateModified":"2020-04-08T07:42:13+00:00","breadcrumb":{"@id":"https:\/\/administracioncasamayor.es\/#breadcrumb"},"inLanguage":"es","potentialAction":[{"@type":"ReadAction","target":["https:\/\/administracioncasamayor.es\/"]}]},{"@type":"ImageObject","inLanguage":"es","@id":"https:\/\/administracioncasamayor.es\/#primaryimage","url":"https:\/\/administracioncasamayor.es\/wp-content\/uploads\/2020\/04\/LOGO_FINCAS.png","contentUrl":"https:\/\/administracioncasamayor.es\/wp-content\/uploads\/2020\/04\/LOGO_FINCAS.png","width":275,"height":72},{"@type":"BreadcrumbList","@id":"https:\/\/administracioncasamayor.es\/#breadcrumb","itemListElement":[{"@type":"ListItem","position":1,"name":"Portada","item":"https:\/\/administracioncasamayor.es\/"},{"@type":"ListItem","position":2,"name":"Inicio"}]},{"@type":"WebSite","@id":"https:\/\/administracioncasamayor.es\/#website","url":"https:\/\/administracioncasamayor.es\/","name":"Casamayor","description":"Rufino Manuel Bl\u00e1zquez, Abogado y Administrador de Fincas en Logro\u00f1o","publisher":{"@id":"https:\/\/administracioncasamayor.es\/#organization"},"potentialAction":[{"@type":"SearchAction","target":{"@type":"EntryPoint","urlTemplate":"https:\/\/administracioncasamayor.es\/?s={search_term_string}"},"query-input":{"@type":"PropertyValueSpecification","valueRequired":true,"valueName":"search_term_string"}}],"inLanguage":"es"},{"@type":"Organization","@id":"https:\/\/administracioncasamayor.es\/#organization","name":"Casamayor","url":"https:\/\/administracioncasamayor.es\/","logo":{"@type":"ImageObject","inLanguage":"es","@id":"https:\/\/administracioncasamayor.es\/#\/schema\/logo\/image\/","url":"https:\/\/administracioncasamayor.es\/wp-content\/uploads\/2020\/04\/LOGO.png","contentUrl":"https:\/\/administracioncasamayor.es\/wp-content\/uploads\/2020\/04\/LOGO.png","width":275,"height":114,"caption":"Casamayor"},"image":{"@id":"https:\/\/administracioncasamayor.es\/#\/schema\/logo\/image\/"}}]}},"_links":{"self":[{"href":"https:\/\/administracioncasamayor.es\/index.php?rest_route=\/wp\/v2\/pages\/13","targetHints":{"allow":["GET"]}}],"collection":[{"href":"https:\/\/administracioncasamayor.es\/index.php?rest_route=\/wp\/v2\/pages"}],"about":[{"href":"https:\/\/administracioncasamayor.es\/index.php?rest_route=\/wp\/v2\/types\/page"}],"author":[{"embeddable":true,"href":"https:\/\/administracioncasamayor.es\/index.php?rest_route=\/wp\/v2\/users\/1"}],"replies":[{"embeddable":true,"href":"https:\/\/administracioncasamayor.es\/index.php?rest_route=%2Fwp%2Fv2%2Fcomments&post=13"}],"version-history":[{"count":29,"href":"https:\/\/administracioncasamayor.es\/index.php?rest_route=\/wp\/v2\/pages\/13\/revisions"}],"predecessor-version":[{"id":700,"href":"https:\/\/administracioncasamayor.es\/index.php?rest_route=\/wp\/v2\/pages\/13\/revisions\/700"}],"wp:attachment":[{"href":"https:\/\/administracioncasamayor.es\/index.php?rest_route=%2Fwp%2Fv2%2Fmedia&parent=13"}],"curies":[{"name":"wp","href":"https:\/\/api.w.org\/{rel}","templated":true}]}}