{"id":639,"date":"2020-04-07T07:14:44","date_gmt":"2020-04-07T07:14:44","guid":{"rendered":"https:\/\/administracioncasamayor.es\/?page_id=639"},"modified":"2020-04-07T07:27:01","modified_gmt":"2020-04-07T07:27:01","slug":"casamayor","status":"publish","type":"page","link":"https:\/\/administracioncasamayor.es\/?page_id=639","title":{"rendered":"Casamayor"},"content":{"rendered":"\t\t<div data-elementor-type=\"wp-page\" data-elementor-id=\"639\" class=\"elementor elementor-639\">\n\t\t\t\t\t\t<section class=\"elementor-section elementor-top-section elementor-element elementor-element-84b1d4e elementor-section-boxed elementor-section-height-default elementor-section-height-default\" data-id=\"84b1d4e\" data-element_type=\"section\" data-e-type=\"section\">\n\t\t\t\t\t\t<div class=\"elementor-container elementor-column-gap-default\">\n\t\t\t\t\t<div class=\"elementor-column elementor-col-100 elementor-top-column elementor-element elementor-element-9d93c72\" data-id=\"9d93c72\" data-element_type=\"column\" data-e-type=\"column\">\n\t\t\t<div class=\"elementor-widget-wrap elementor-element-populated\">\n\t\t\t\t\t\t<div class=\"elementor-element elementor-element-4da5bea elementor-widget elementor-widget-heading\" data-id=\"4da5bea\" data-element_type=\"widget\" data-e-type=\"widget\" data-widget_type=\"heading.default\">\n\t\t\t\t<div class=\"elementor-widget-container\">\n\t\t\t\t\t<h1 class=\"elementor-heading-title elementor-size-default\">Casamayor<\/h1>\t\t\t\t<\/div>\n\t\t\t\t<\/div>\n\t\t\t\t\t<\/div>\n\t\t<\/div>\n\t\t\t\t\t<\/div>\n\t\t<\/section>\n\t\t\t\t<section class=\"elementor-section elementor-top-section elementor-element elementor-element-a95b84f elementor-section-boxed elementor-section-height-default elementor-section-height-default\" data-id=\"a95b84f\" data-element_type=\"section\" data-e-type=\"section\">\n\t\t\t\t\t\t<div class=\"elementor-container elementor-column-gap-default\">\n\t\t\t\t\t<div class=\"elementor-column elementor-col-100 elementor-top-column elementor-element elementor-element-2ee14f9\" data-id=\"2ee14f9\" data-element_type=\"column\" data-e-type=\"column\">\n\t\t\t<div class=\"elementor-widget-wrap elementor-element-populated\">\n\t\t\t\t\t\t<section class=\"elementor-section elementor-inner-section elementor-element elementor-element-52e69fa elementor-section-boxed elementor-section-height-default elementor-section-height-default\" data-id=\"52e69fa\" data-element_type=\"section\" data-e-type=\"section\">\n\t\t\t\t\t\t<div class=\"elementor-container elementor-column-gap-default\">\n\t\t\t\t\t<div class=\"elementor-column elementor-col-50 elementor-inner-column elementor-element elementor-element-eb46a72\" data-id=\"eb46a72\" data-element_type=\"column\" data-e-type=\"column\">\n\t\t\t<div class=\"elementor-widget-wrap elementor-element-populated\">\n\t\t\t\t\t\t<div class=\"elementor-element elementor-element-af699ad elementor-widget elementor-widget-image\" data-id=\"af699ad\" data-element_type=\"widget\" data-e-type=\"widget\" data-widget_type=\"image.default\">\n\t\t\t\t<div class=\"elementor-widget-container\">\n\t\t\t\t\t\t\t\t\t\t\t\t\t\t\t<img decoding=\"async\" width=\"275\" height=\"72\" src=\"https:\/\/administracioncasamayor.es\/wp-content\/uploads\/2020\/04\/LOGO_FINCAS.png\" class=\"attachment-large size-large wp-image-631\" alt=\"\" srcset=\"https:\/\/administracioncasamayor.es\/wp-content\/uploads\/2020\/04\/LOGO_FINCAS.png 275w, https:\/\/administracioncasamayor.es\/wp-content\/uploads\/2020\/04\/LOGO_FINCAS-230x60.png 230w\" sizes=\"(max-width: 275px) 100vw, 275px\" \/>\t\t\t\t\t\t\t\t\t\t\t\t\t\t\t<\/div>\n\t\t\t\t<\/div>\n\t\t\t\t\t<\/div>\n\t\t<\/div>\n\t\t\t\t<div class=\"elementor-column elementor-col-50 elementor-inner-column elementor-element elementor-element-29f5352\" data-id=\"29f5352\" data-element_type=\"column\" data-e-type=\"column\">\n\t\t\t<div class=\"elementor-widget-wrap elementor-element-populated\">\n\t\t\t\t\t\t<div class=\"elementor-element elementor-element-99da639 elementor-widget elementor-widget-text-editor\" data-id=\"99da639\" data-element_type=\"widget\" data-e-type=\"widget\" data-widget_type=\"text-editor.default\">\n\t\t\t\t<div class=\"elementor-widget-container\">\n\t\t\t\t\t\t\t\t\t<p>Disponemos de las herramientas necesarias para la gesti\u00f3n de su comunidad: personal administrativo con contrato indefinido y el titular, aumentando seg\u00fan el incremento de tareas, as\u00ed como un grupo de gremios de confianza que puedan realizar las labores de conservaci\u00f3n se su edificio, sin ning\u00fan tipo de ligaz\u00f3n profesional con esta administraci\u00f3n y siempre dando prioridad a aquellos que ya vengan interviniendo en la comunidad y sean de la confianza de la Junta.<\/p>\t\t\t\t\t\t\t\t<\/div>\n\t\t\t\t<\/div>\n\t\t\t\t\t<\/div>\n\t\t<\/div>\n\t\t\t\t\t<\/div>\n\t\t<\/section>\n\t\t\t\t\t<\/div>\n\t\t<\/div>\n\t\t\t\t\t<\/div>\n\t\t<\/section>\n\t\t\t\t<section class=\"elementor-section elementor-top-section elementor-element elementor-element-5e6a2c7 elementor-section-boxed elementor-section-height-default elementor-section-height-default\" data-id=\"5e6a2c7\" data-element_type=\"section\" data-e-type=\"section\">\n\t\t\t\t\t\t<div class=\"elementor-container elementor-column-gap-default\">\n\t\t\t\t\t<div class=\"elementor-column elementor-col-100 elementor-top-column elementor-element elementor-element-14e8dda\" data-id=\"14e8dda\" data-element_type=\"column\" data-e-type=\"column\">\n\t\t\t<div class=\"elementor-widget-wrap elementor-element-populated\">\n\t\t\t\t\t\t<div class=\"elementor-element elementor-element-c1990f1 elementor-widget elementor-widget-text-editor\" data-id=\"c1990f1\" data-element_type=\"widget\" data-e-type=\"widget\" data-widget_type=\"text-editor.default\">\n\t\t\t\t<div class=\"elementor-widget-container\">\n\t\t\t\t\t\t\t\t\t<p>Esta administraci\u00f3n se debe a sus clientes y por eso entendemos que la relaci\u00f3n propietario-administrador ha de ser fluida y directa, y sobre todo, basada en la confianza mutua, nunca alejada de la realidad del edificio.<\/p>\t\t\t\t\t\t\t\t<\/div>\n\t\t\t\t<\/div>\n\t\t\t\t\t<\/div>\n\t\t<\/div>\n\t\t\t\t\t<\/div>\n\t\t<\/section>\n\t\t\t\t<section class=\"elementor-section elementor-top-section elementor-element elementor-element-3e05fdd elementor-section-boxed elementor-section-height-default elementor-section-height-default\" data-id=\"3e05fdd\" data-element_type=\"section\" data-e-type=\"section\">\n\t\t\t\t\t\t<div class=\"elementor-container elementor-column-gap-default\">\n\t\t\t\t\t<div class=\"elementor-column elementor-col-50 elementor-top-column elementor-element elementor-element-b6032c9\" data-id=\"b6032c9\" data-element_type=\"column\" data-e-type=\"column\">\n\t\t\t<div class=\"elementor-widget-wrap elementor-element-populated\">\n\t\t\t\t\t\t<div class=\"elementor-element elementor-element-a974ce4 elementor-widget elementor-widget-text-editor\" data-id=\"a974ce4\" data-element_type=\"widget\" data-e-type=\"widget\" data-widget_type=\"text-editor.default\">\n\t\t\t\t<div class=\"elementor-widget-container\">\n\t\t\t\t\t\t\t\t\t<h2><strong>De la Gesti\u00f3n \u2013 <\/strong><\/h2><p><strong style=\"background-color: transparent;\"><u>\u00a0Art. 20 de la Ley de Propiedad Horizontal: de las funciones del administrador<\/u><\/strong><\/p><ul><li>Mantener las instalaciones en perfecto estado de funcionamiento y velar por el buen r\u00e9gimen de sus servicios, disponiendo de las reparaciones ordinarias, dando cuenta a la Junta Directiva.<\/li><li>Preparaci\u00f3n del plan de gastos para cada ejercicio: Presupuesto Anual<\/li><li>Ejecuci\u00f3n de los acuerdos de la Junta, efectuando los cobros y pagos reglamentarios.<\/li><li>Actuar como secretario de la Junta y custodiar la documentaci\u00f3n.<\/li><li>Asistencia a Junta General Ordinaria. Confecci\u00f3n de actas y su pase al Libro correspondiente.<\/li><li>Control de gastos (supervisi\u00f3n de contratos de servicios- REVISI\u00d3N)<strong>. <\/strong>Seguimiento y cobro de devoluciones e impagados.<\/li><li>Asesoramiento a la Junta en lo concerniente a normativa Municipal, Ley de Propiedad Horizontal y concordantes y nuevos ahorros energ\u00e9ticos.<\/li><\/ul>\t\t\t\t\t\t\t\t<\/div>\n\t\t\t\t<\/div>\n\t\t\t\t\t<\/div>\n\t\t<\/div>\n\t\t\t\t<div class=\"elementor-column elementor-col-50 elementor-top-column elementor-element elementor-element-fdf8b4d\" data-id=\"fdf8b4d\" data-element_type=\"column\" data-e-type=\"column\">\n\t\t\t<div class=\"elementor-widget-wrap elementor-element-populated\">\n\t\t\t\t\t\t<div class=\"elementor-element elementor-element-8ca796e elementor-widget elementor-widget-spacer\" data-id=\"8ca796e\" data-element_type=\"widget\" data-e-type=\"widget\" data-widget_type=\"spacer.default\">\n\t\t\t\t<div class=\"elementor-widget-container\">\n\t\t\t\t\t\t\t<div class=\"elementor-spacer\">\n\t\t\t<div class=\"elementor-spacer-inner\"><\/div>\n\t\t<\/div>\n\t\t\t\t\t\t<\/div>\n\t\t\t\t<\/div>\n\t\t\t\t<div class=\"elementor-element elementor-element-de4c4d5 elementor-widget elementor-widget-image\" data-id=\"de4c4d5\" data-element_type=\"widget\" data-e-type=\"widget\" data-widget_type=\"image.default\">\n\t\t\t\t<div class=\"elementor-widget-container\">\n\t\t\t\t\t\t\t\t\t\t\t\t\t\t\t<img fetchpriority=\"high\" decoding=\"async\" width=\"1024\" height=\"607\" src=\"https:\/\/administracioncasamayor.es\/wp-content\/uploads\/2020\/04\/08-1024x607.jpg\" class=\"attachment-large size-large wp-image-646\" alt=\"\" srcset=\"https:\/\/administracioncasamayor.es\/wp-content\/uploads\/2020\/04\/08-1024x607.jpg 1024w, https:\/\/administracioncasamayor.es\/wp-content\/uploads\/2020\/04\/08-300x178.jpg 300w, https:\/\/administracioncasamayor.es\/wp-content\/uploads\/2020\/04\/08-768x455.jpg 768w, https:\/\/administracioncasamayor.es\/wp-content\/uploads\/2020\/04\/08-830x492.jpg 830w, https:\/\/administracioncasamayor.es\/wp-content\/uploads\/2020\/04\/08-230x136.jpg 230w, https:\/\/administracioncasamayor.es\/wp-content\/uploads\/2020\/04\/08-350x207.jpg 350w, https:\/\/administracioncasamayor.es\/wp-content\/uploads\/2020\/04\/08-480x284.jpg 480w, https:\/\/administracioncasamayor.es\/wp-content\/uploads\/2020\/04\/08.jpg 1080w\" sizes=\"(max-width: 1024px) 100vw, 1024px\" \/>\t\t\t\t\t\t\t\t\t\t\t\t\t\t\t<\/div>\n\t\t\t\t<\/div>\n\t\t\t\t\t<\/div>\n\t\t<\/div>\n\t\t\t\t\t<\/div>\n\t\t<\/section>\n\t\t\t\t<section class=\"elementor-section elementor-top-section elementor-element elementor-element-02e15ef elementor-section-boxed elementor-section-height-default elementor-section-height-default\" data-id=\"02e15ef\" data-element_type=\"section\" data-e-type=\"section\">\n\t\t\t\t\t\t<div class=\"elementor-container elementor-column-gap-default\">\n\t\t\t\t\t<div class=\"elementor-column elementor-col-50 elementor-top-column elementor-element elementor-element-61388d7\" data-id=\"61388d7\" data-element_type=\"column\" data-e-type=\"column\">\n\t\t\t<div class=\"elementor-widget-wrap elementor-element-populated\">\n\t\t\t\t\t\t<div class=\"elementor-element elementor-element-4db27c5 elementor-widget elementor-widget-text-editor\" data-id=\"4db27c5\" data-element_type=\"widget\" data-e-type=\"widget\" data-widget_type=\"text-editor.default\">\n\t\t\t\t<div class=\"elementor-widget-container\">\n\t\t\t\t\t\t\t\t\t<h2><strong><u>Otras gestiones:<\/u><\/strong><\/h2><ul><li>Constituci\u00f3n de nuevas comunidades.<\/li><li>Asesoramos y tramitamos subvenciones.<\/li><li>Tramitamos los siniestros de la comunidad y reclamaci\u00f3n extrajudicial a morosos.<\/li><li>Gesti\u00f3n de la cuenta comunitaria siempre con la firma de la Junta.<\/li><li>Ajustamos los servicios a las necesidades de su comunidad. (<em> ejemplo, banco con menos gastos).<\/em><\/li><li><em>Gestionamos las subvenciones que en su momento tenga derecho la comunidad de propietarios con un coste adicional del 2 % de la base imponible de la obra.<\/em><\/li><\/ul>\t\t\t\t\t\t\t\t<\/div>\n\t\t\t\t<\/div>\n\t\t\t\t\t<\/div>\n\t\t<\/div>\n\t\t\t\t<div class=\"elementor-column elementor-col-50 elementor-top-column elementor-element elementor-element-3703b61\" data-id=\"3703b61\" data-element_type=\"column\" data-e-type=\"column\">\n\t\t\t<div class=\"elementor-widget-wrap elementor-element-populated\">\n\t\t\t\t\t\t<div class=\"elementor-element elementor-element-afc015a elementor-widget elementor-widget-spacer\" data-id=\"afc015a\" data-element_type=\"widget\" data-e-type=\"widget\" data-widget_type=\"spacer.default\">\n\t\t\t\t<div class=\"elementor-widget-container\">\n\t\t\t\t\t\t\t<div class=\"elementor-spacer\">\n\t\t\t<div class=\"elementor-spacer-inner\"><\/div>\n\t\t<\/div>\n\t\t\t\t\t\t<\/div>\n\t\t\t\t<\/div>\n\t\t\t\t<div class=\"elementor-element elementor-element-a16f4c7 elementor-widget elementor-widget-image\" data-id=\"a16f4c7\" data-element_type=\"widget\" data-e-type=\"widget\" data-widget_type=\"image.default\">\n\t\t\t\t<div class=\"elementor-widget-container\">\n\t\t\t\t\t\t\t\t\t\t\t\t\t\t\t<img decoding=\"async\" width=\"1024\" height=\"602\" src=\"https:\/\/administracioncasamayor.es\/wp-content\/uploads\/2020\/04\/03-1024x602.jpg\" class=\"attachment-large size-large wp-image-647\" alt=\"\" srcset=\"https:\/\/administracioncasamayor.es\/wp-content\/uploads\/2020\/04\/03-1024x602.jpg 1024w, https:\/\/administracioncasamayor.es\/wp-content\/uploads\/2020\/04\/03-300x176.jpg 300w, https:\/\/administracioncasamayor.es\/wp-content\/uploads\/2020\/04\/03-768x451.jpg 768w, https:\/\/administracioncasamayor.es\/wp-content\/uploads\/2020\/04\/03-1536x903.jpg 1536w, https:\/\/administracioncasamayor.es\/wp-content\/uploads\/2020\/04\/03-2048x1203.jpg 2048w, https:\/\/administracioncasamayor.es\/wp-content\/uploads\/2020\/04\/03-830x488.jpg 830w, https:\/\/administracioncasamayor.es\/wp-content\/uploads\/2020\/04\/03-230x135.jpg 230w, https:\/\/administracioncasamayor.es\/wp-content\/uploads\/2020\/04\/03-350x206.jpg 350w, https:\/\/administracioncasamayor.es\/wp-content\/uploads\/2020\/04\/03-480x282.jpg 480w\" sizes=\"(max-width: 1024px) 100vw, 1024px\" \/>\t\t\t\t\t\t\t\t\t\t\t\t\t\t\t<\/div>\n\t\t\t\t<\/div>\n\t\t\t\t\t<\/div>\n\t\t<\/div>\n\t\t\t\t\t<\/div>\n\t\t<\/section>\n\t\t\t\t<\/div>\n\t\t","protected":false},"excerpt":{"rendered":"<p>Casamayor Disponemos de las herramientas necesarias para la gesti\u00f3n de su comunidad: personal administrativo con contrato indefinido y el titular, aumentando seg\u00fan [&hellip;]<\/p>\n","protected":false},"author":1,"featured_media":0,"parent":0,"menu_order":0,"comment_status":"closed","ping_status":"closed","template":"page-templates\/page_front-page.php","meta":{"footnotes":""},"class_list":["post-639","page","type-page","status-publish","hentry"],"yoast_head":"<!-- This site is optimized with the Yoast SEO plugin v27.2 - https:\/\/yoast.com\/product\/yoast-seo-wordpress\/ -->\n<title>Casamayor - Casamayor<\/title>\n<meta name=\"robots\" content=\"index, follow, max-snippet:-1, max-image-preview:large, max-video-preview:-1\" \/>\n<link rel=\"canonical\" href=\"https:\/\/administracioncasamayor.es\/?page_id=639\" \/>\n<meta property=\"og:locale\" content=\"es_ES\" \/>\n<meta property=\"og:type\" content=\"article\" \/>\n<meta property=\"og:title\" content=\"Casamayor - Casamayor\" \/>\n<meta property=\"og:description\" content=\"Casamayor Disponemos de las herramientas necesarias para la gesti\u00f3n de su comunidad: personal administrativo con contrato indefinido y el titular, aumentando seg\u00fan [&hellip;]\" \/>\n<meta property=\"og:url\" content=\"https:\/\/administracioncasamayor.es\/?page_id=639\" \/>\n<meta property=\"og:site_name\" content=\"Casamayor\" \/>\n<meta property=\"article:modified_time\" content=\"2020-04-07T07:27:01+00:00\" \/>\n<meta property=\"og:image\" content=\"https:\/\/administracioncasamayor.es\/wp-content\/uploads\/2020\/04\/LOGO_FINCAS.png\" \/>\n<meta name=\"twitter:card\" content=\"summary_large_image\" \/>\n<meta name=\"twitter:label1\" content=\"Tiempo de lectura\" \/>\n\t<meta name=\"twitter:data1\" content=\"2 minutos\" \/>\n<script type=\"application\/ld+json\" class=\"yoast-schema-graph\">{\"@context\":\"https:\/\/schema.org\",\"@graph\":[{\"@type\":\"WebPage\",\"@id\":\"https:\/\/administracioncasamayor.es\/?page_id=639\",\"url\":\"https:\/\/administracioncasamayor.es\/?page_id=639\",\"name\":\"Casamayor - Casamayor\",\"isPartOf\":{\"@id\":\"https:\/\/administracioncasamayor.es\/#website\"},\"primaryImageOfPage\":{\"@id\":\"https:\/\/administracioncasamayor.es\/?page_id=639#primaryimage\"},\"image\":{\"@id\":\"https:\/\/administracioncasamayor.es\/?page_id=639#primaryimage\"},\"thumbnailUrl\":\"https:\/\/administracioncasamayor.es\/wp-content\/uploads\/2020\/04\/LOGO_FINCAS.png\",\"datePublished\":\"2020-04-07T07:14:44+00:00\",\"dateModified\":\"2020-04-07T07:27:01+00:00\",\"breadcrumb\":{\"@id\":\"https:\/\/administracioncasamayor.es\/?page_id=639#breadcrumb\"},\"inLanguage\":\"es\",\"potentialAction\":[{\"@type\":\"ReadAction\",\"target\":[\"https:\/\/administracioncasamayor.es\/?page_id=639\"]}]},{\"@type\":\"ImageObject\",\"inLanguage\":\"es\",\"@id\":\"https:\/\/administracioncasamayor.es\/?page_id=639#primaryimage\",\"url\":\"https:\/\/administracioncasamayor.es\/wp-content\/uploads\/2020\/04\/LOGO_FINCAS.png\",\"contentUrl\":\"https:\/\/administracioncasamayor.es\/wp-content\/uploads\/2020\/04\/LOGO_FINCAS.png\",\"width\":275,\"height\":72},{\"@type\":\"BreadcrumbList\",\"@id\":\"https:\/\/administracioncasamayor.es\/?page_id=639#breadcrumb\",\"itemListElement\":[{\"@type\":\"ListItem\",\"position\":1,\"name\":\"Portada\",\"item\":\"https:\/\/administracioncasamayor.es\/\"},{\"@type\":\"ListItem\",\"position\":2,\"name\":\"Casamayor\"}]},{\"@type\":\"WebSite\",\"@id\":\"https:\/\/administracioncasamayor.es\/#website\",\"url\":\"https:\/\/administracioncasamayor.es\/\",\"name\":\"Casamayor\",\"description\":\"Rufino Manuel Bl\u00e1zquez, Abogado y Administrador de Fincas en Logro\u00f1o\",\"publisher\":{\"@id\":\"https:\/\/administracioncasamayor.es\/#organization\"},\"potentialAction\":[{\"@type\":\"SearchAction\",\"target\":{\"@type\":\"EntryPoint\",\"urlTemplate\":\"https:\/\/administracioncasamayor.es\/?s={search_term_string}\"},\"query-input\":{\"@type\":\"PropertyValueSpecification\",\"valueRequired\":true,\"valueName\":\"search_term_string\"}}],\"inLanguage\":\"es\"},{\"@type\":\"Organization\",\"@id\":\"https:\/\/administracioncasamayor.es\/#organization\",\"name\":\"Casamayor\",\"url\":\"https:\/\/administracioncasamayor.es\/\",\"logo\":{\"@type\":\"ImageObject\",\"inLanguage\":\"es\",\"@id\":\"https:\/\/administracioncasamayor.es\/#\/schema\/logo\/image\/\",\"url\":\"https:\/\/administracioncasamayor.es\/wp-content\/uploads\/2020\/04\/LOGO.png\",\"contentUrl\":\"https:\/\/administracioncasamayor.es\/wp-content\/uploads\/2020\/04\/LOGO.png\",\"width\":275,\"height\":114,\"caption\":\"Casamayor\"},\"image\":{\"@id\":\"https:\/\/administracioncasamayor.es\/#\/schema\/logo\/image\/\"}}]}<\/script>\n<!-- \/ Yoast SEO plugin. -->","yoast_head_json":{"title":"Casamayor - Casamayor","robots":{"index":"index","follow":"follow","max-snippet":"max-snippet:-1","max-image-preview":"max-image-preview:large","max-video-preview":"max-video-preview:-1"},"canonical":"https:\/\/administracioncasamayor.es\/?page_id=639","og_locale":"es_ES","og_type":"article","og_title":"Casamayor - Casamayor","og_description":"Casamayor Disponemos de las herramientas necesarias para la gesti\u00f3n de su comunidad: personal administrativo con contrato indefinido y el titular, aumentando seg\u00fan [&hellip;]","og_url":"https:\/\/administracioncasamayor.es\/?page_id=639","og_site_name":"Casamayor","article_modified_time":"2020-04-07T07:27:01+00:00","og_image":[{"url":"https:\/\/administracioncasamayor.es\/wp-content\/uploads\/2020\/04\/LOGO_FINCAS.png","type":"","width":"","height":""}],"twitter_card":"summary_large_image","twitter_misc":{"Tiempo de lectura":"2 minutos"},"schema":{"@context":"https:\/\/schema.org","@graph":[{"@type":"WebPage","@id":"https:\/\/administracioncasamayor.es\/?page_id=639","url":"https:\/\/administracioncasamayor.es\/?page_id=639","name":"Casamayor - Casamayor","isPartOf":{"@id":"https:\/\/administracioncasamayor.es\/#website"},"primaryImageOfPage":{"@id":"https:\/\/administracioncasamayor.es\/?page_id=639#primaryimage"},"image":{"@id":"https:\/\/administracioncasamayor.es\/?page_id=639#primaryimage"},"thumbnailUrl":"https:\/\/administracioncasamayor.es\/wp-content\/uploads\/2020\/04\/LOGO_FINCAS.png","datePublished":"2020-04-07T07:14:44+00:00","dateModified":"2020-04-07T07:27:01+00:00","breadcrumb":{"@id":"https:\/\/administracioncasamayor.es\/?page_id=639#breadcrumb"},"inLanguage":"es","potentialAction":[{"@type":"ReadAction","target":["https:\/\/administracioncasamayor.es\/?page_id=639"]}]},{"@type":"ImageObject","inLanguage":"es","@id":"https:\/\/administracioncasamayor.es\/?page_id=639#primaryimage","url":"https:\/\/administracioncasamayor.es\/wp-content\/uploads\/2020\/04\/LOGO_FINCAS.png","contentUrl":"https:\/\/administracioncasamayor.es\/wp-content\/uploads\/2020\/04\/LOGO_FINCAS.png","width":275,"height":72},{"@type":"BreadcrumbList","@id":"https:\/\/administracioncasamayor.es\/?page_id=639#breadcrumb","itemListElement":[{"@type":"ListItem","position":1,"name":"Portada","item":"https:\/\/administracioncasamayor.es\/"},{"@type":"ListItem","position":2,"name":"Casamayor"}]},{"@type":"WebSite","@id":"https:\/\/administracioncasamayor.es\/#website","url":"https:\/\/administracioncasamayor.es\/","name":"Casamayor","description":"Rufino Manuel Bl\u00e1zquez, Abogado y Administrador de Fincas en Logro\u00f1o","publisher":{"@id":"https:\/\/administracioncasamayor.es\/#organization"},"potentialAction":[{"@type":"SearchAction","target":{"@type":"EntryPoint","urlTemplate":"https:\/\/administracioncasamayor.es\/?s={search_term_string}"},"query-input":{"@type":"PropertyValueSpecification","valueRequired":true,"valueName":"search_term_string"}}],"inLanguage":"es"},{"@type":"Organization","@id":"https:\/\/administracioncasamayor.es\/#organization","name":"Casamayor","url":"https:\/\/administracioncasamayor.es\/","logo":{"@type":"ImageObject","inLanguage":"es","@id":"https:\/\/administracioncasamayor.es\/#\/schema\/logo\/image\/","url":"https:\/\/administracioncasamayor.es\/wp-content\/uploads\/2020\/04\/LOGO.png","contentUrl":"https:\/\/administracioncasamayor.es\/wp-content\/uploads\/2020\/04\/LOGO.png","width":275,"height":114,"caption":"Casamayor"},"image":{"@id":"https:\/\/administracioncasamayor.es\/#\/schema\/logo\/image\/"}}]}},"_links":{"self":[{"href":"https:\/\/administracioncasamayor.es\/index.php?rest_route=\/wp\/v2\/pages\/639","targetHints":{"allow":["GET"]}}],"collection":[{"href":"https:\/\/administracioncasamayor.es\/index.php?rest_route=\/wp\/v2\/pages"}],"about":[{"href":"https:\/\/administracioncasamayor.es\/index.php?rest_route=\/wp\/v2\/types\/page"}],"author":[{"embeddable":true,"href":"https:\/\/administracioncasamayor.es\/index.php?rest_route=\/wp\/v2\/users\/1"}],"replies":[{"embeddable":true,"href":"https:\/\/administracioncasamayor.es\/index.php?rest_route=%2Fwp%2Fv2%2Fcomments&post=639"}],"version-history":[{"count":7,"href":"https:\/\/administracioncasamayor.es\/index.php?rest_route=\/wp\/v2\/pages\/639\/revisions"}],"predecessor-version":[{"id":650,"href":"https:\/\/administracioncasamayor.es\/index.php?rest_route=\/wp\/v2\/pages\/639\/revisions\/650"}],"wp:attachment":[{"href":"https:\/\/administracioncasamayor.es\/index.php?rest_route=%2Fwp%2Fv2%2Fmedia&parent=639"}],"curies":[{"name":"wp","href":"https:\/\/api.w.org\/{rel}","templated":true}]}}