{"id":641,"date":"2020-04-07T07:16:20","date_gmt":"2020-04-07T07:16:20","guid":{"rendered":"https:\/\/administracioncasamayor.es\/?page_id=641"},"modified":"2020-04-07T07:51:31","modified_gmt":"2020-04-07T07:51:31","slug":"abogados","status":"publish","type":"page","link":"https:\/\/administracioncasamayor.es\/?page_id=641","title":{"rendered":"Abogados"},"content":{"rendered":"\t\t<div data-elementor-type=\"wp-page\" data-elementor-id=\"641\" class=\"elementor elementor-641\">\n\t\t\t\t\t\t<section class=\"elementor-section elementor-top-section elementor-element elementor-element-0d82400 elementor-section-boxed elementor-section-height-default elementor-section-height-default\" data-id=\"0d82400\" data-element_type=\"section\" data-e-type=\"section\">\n\t\t\t\t\t\t<div class=\"elementor-container elementor-column-gap-default\">\n\t\t\t\t\t<div class=\"elementor-column elementor-col-100 elementor-top-column elementor-element elementor-element-a711810\" data-id=\"a711810\" data-element_type=\"column\" data-e-type=\"column\">\n\t\t\t<div class=\"elementor-widget-wrap elementor-element-populated\">\n\t\t\t\t\t\t<div class=\"elementor-element elementor-element-4d85b1c elementor-widget elementor-widget-heading\" data-id=\"4d85b1c\" data-element_type=\"widget\" data-e-type=\"widget\" data-widget_type=\"heading.default\">\n\t\t\t\t<div class=\"elementor-widget-container\">\n\t\t\t\t\t<h1 class=\"elementor-heading-title elementor-size-default\">Bl\u00e1zquez-Abogados<\/h1>\t\t\t\t<\/div>\n\t\t\t\t<\/div>\n\t\t\t\t\t<\/div>\n\t\t<\/div>\n\t\t\t\t\t<\/div>\n\t\t<\/section>\n\t\t\t\t<section class=\"elementor-section elementor-top-section elementor-element elementor-element-a8eb908 elementor-section-boxed elementor-section-height-default elementor-section-height-default\" data-id=\"a8eb908\" data-element_type=\"section\" data-e-type=\"section\">\n\t\t\t\t\t\t<div class=\"elementor-container elementor-column-gap-default\">\n\t\t\t\t\t<div class=\"elementor-column elementor-col-100 elementor-top-column elementor-element elementor-element-a219248\" data-id=\"a219248\" data-element_type=\"column\" data-e-type=\"column\">\n\t\t\t<div class=\"elementor-widget-wrap elementor-element-populated\">\n\t\t\t\t\t\t<section class=\"elementor-section elementor-inner-section elementor-element elementor-element-b448217 elementor-section-boxed elementor-section-height-default elementor-section-height-default\" data-id=\"b448217\" data-element_type=\"section\" data-e-type=\"section\">\n\t\t\t\t\t\t<div class=\"elementor-container elementor-column-gap-default\">\n\t\t\t\t\t<div class=\"elementor-column elementor-col-50 elementor-inner-column elementor-element elementor-element-049cd02\" data-id=\"049cd02\" data-element_type=\"column\" data-e-type=\"column\">\n\t\t\t<div class=\"elementor-widget-wrap elementor-element-populated\">\n\t\t\t\t\t\t<div class=\"elementor-element elementor-element-8be4a55 elementor-widget elementor-widget-image\" data-id=\"8be4a55\" data-element_type=\"widget\" data-e-type=\"widget\" data-widget_type=\"image.default\">\n\t\t\t\t<div class=\"elementor-widget-container\">\n\t\t\t\t\t\t\t\t\t\t\t\t\t\t\t<img fetchpriority=\"high\" decoding=\"async\" width=\"411\" height=\"265\" src=\"https:\/\/administracioncasamayor.es\/wp-content\/uploads\/2020\/04\/LOGO_ABOG.png\" class=\"attachment-large size-large wp-image-606\" alt=\"\" srcset=\"https:\/\/administracioncasamayor.es\/wp-content\/uploads\/2020\/04\/LOGO_ABOG.png 411w, https:\/\/administracioncasamayor.es\/wp-content\/uploads\/2020\/04\/LOGO_ABOG-300x193.png 300w, https:\/\/administracioncasamayor.es\/wp-content\/uploads\/2020\/04\/LOGO_ABOG-230x148.png 230w, https:\/\/administracioncasamayor.es\/wp-content\/uploads\/2020\/04\/LOGO_ABOG-350x226.png 350w\" sizes=\"(max-width: 411px) 100vw, 411px\" \/>\t\t\t\t\t\t\t\t\t\t\t\t\t\t\t<\/div>\n\t\t\t\t<\/div>\n\t\t\t\t\t<\/div>\n\t\t<\/div>\n\t\t\t\t<div class=\"elementor-column elementor-col-50 elementor-inner-column elementor-element elementor-element-2272712\" data-id=\"2272712\" data-element_type=\"column\" data-e-type=\"column\">\n\t\t\t<div class=\"elementor-widget-wrap elementor-element-populated\">\n\t\t\t\t\t\t<div class=\"elementor-element elementor-element-516cac2 elementor-widget elementor-widget-text-editor\" data-id=\"516cac2\" data-element_type=\"widget\" data-e-type=\"widget\" data-widget_type=\"text-editor.default\">\n\t\t\t\t<div class=\"elementor-widget-container\">\n\t\t\t\t\t\t\t\t\t<p>Es un despacho de abogados ubicado en Logro\u00f1o, siendo su titular colegiado del Ilustre Colegio de Abogados de La Rioja, n\u00famero 895.\u00a0 Despacho abierto desde el a\u00f1o 1993.<\/p><p><span style=\"background-color: transparent;\">Experiencia en el turno de oficio con m\u00e1s de 15 a\u00f1os, en asuntos penales y expedientes de menores.<\/span><\/p>\t\t\t\t\t\t\t\t<\/div>\n\t\t\t\t<\/div>\n\t\t\t\t\t<\/div>\n\t\t<\/div>\n\t\t\t\t\t<\/div>\n\t\t<\/section>\n\t\t\t\t\t<\/div>\n\t\t<\/div>\n\t\t\t\t\t<\/div>\n\t\t<\/section>\n\t\t\t\t<section class=\"elementor-section elementor-top-section elementor-element elementor-element-80ffc11 elementor-section-boxed elementor-section-height-default elementor-section-height-default\" data-id=\"80ffc11\" data-element_type=\"section\" data-e-type=\"section\">\n\t\t\t\t\t\t<div class=\"elementor-container elementor-column-gap-default\">\n\t\t\t\t\t<div class=\"elementor-column elementor-col-100 elementor-top-column elementor-element elementor-element-479f2be\" data-id=\"479f2be\" data-element_type=\"column\" data-e-type=\"column\">\n\t\t\t<div class=\"elementor-widget-wrap elementor-element-populated\">\n\t\t\t\t\t\t<section class=\"elementor-section elementor-inner-section elementor-element elementor-element-23957fc elementor-section-boxed elementor-section-height-default elementor-section-height-default\" data-id=\"23957fc\" data-element_type=\"section\" data-e-type=\"section\">\n\t\t\t\t\t\t<div class=\"elementor-container elementor-column-gap-default\">\n\t\t\t\t\t<div class=\"elementor-column elementor-col-50 elementor-inner-column elementor-element elementor-element-921385e\" data-id=\"921385e\" data-element_type=\"column\" data-e-type=\"column\">\n\t\t\t<div class=\"elementor-widget-wrap elementor-element-populated\">\n\t\t\t\t\t\t<div class=\"elementor-element elementor-element-355442b elementor-widget elementor-widget-text-editor\" data-id=\"355442b\" data-element_type=\"widget\" data-e-type=\"widget\" data-widget_type=\"text-editor.default\">\n\t\t\t\t<div class=\"elementor-widget-container\">\n\t\t\t\t\t\t\t\t\t<h2>Derecho Civil:\u00a0<\/h2><p>Propiedad horizontal, familia, reclamaciones dinerarias, divorcios y liquidaci\u00f3n sociedad gananciales, contratos de arrendamiento, compraventa, servidumbres, herencias y sucesiones, liquidaci\u00f3n de impuestos sucesiones y donaciones, accidentes de tr\u00e1fico.<\/p><h2><span style=\"background-color: transparent;\">Derecho Penal:\u00a0<\/span><\/h2><p><span style=\"background-color: transparent;\">asistencia al detenido, proceso penal: juicios r\u00e1pidos, procedimiento abreviado. Juicio Oral. Redacci\u00f3n de denuncias y querellas.<\/span><\/p><h2><span style=\"background-color: transparent;\">Derecho administrativo:\u00a0<\/span><\/h2><p><span style=\"background-color: transparent;\">reclamaciones previas, recursos de reposici\u00f3n, contencioso-administrativo.<\/span><\/p><h2><span style=\"background-color: transparent;\">Otras materias:\u00a0<\/span><\/h2><p><span style=\"background-color: transparent;\">declaraciones de renta, gesti\u00f3n de aut\u00f3nomos.<\/span><\/p>\t\t\t\t\t\t\t\t<\/div>\n\t\t\t\t<\/div>\n\t\t\t\t\t<\/div>\n\t\t<\/div>\n\t\t\t\t<div class=\"elementor-column elementor-col-50 elementor-inner-column elementor-element elementor-element-60ae77a\" data-id=\"60ae77a\" data-element_type=\"column\" data-e-type=\"column\">\n\t\t\t<div class=\"elementor-widget-wrap elementor-element-populated\">\n\t\t\t\t\t\t<div class=\"elementor-element elementor-element-7d44cfd elementor-widget elementor-widget-spacer\" data-id=\"7d44cfd\" data-element_type=\"widget\" data-e-type=\"widget\" data-widget_type=\"spacer.default\">\n\t\t\t\t<div class=\"elementor-widget-container\">\n\t\t\t\t\t\t\t<div class=\"elementor-spacer\">\n\t\t\t<div class=\"elementor-spacer-inner\"><\/div>\n\t\t<\/div>\n\t\t\t\t\t\t<\/div>\n\t\t\t\t<\/div>\n\t\t\t\t<div class=\"elementor-element elementor-element-7d674ea elementor-widget elementor-widget-image\" data-id=\"7d674ea\" data-element_type=\"widget\" data-e-type=\"widget\" data-widget_type=\"image.default\">\n\t\t\t\t<div class=\"elementor-widget-container\">\n\t\t\t\t\t\t\t\t\t\t\t\t\t\t\t<img decoding=\"async\" width=\"885\" height=\"450\" src=\"https:\/\/administracioncasamayor.es\/wp-content\/uploads\/2020\/04\/servicios-juridicos.jpg\" class=\"attachment-large size-large wp-image-652\" alt=\"\" srcset=\"https:\/\/administracioncasamayor.es\/wp-content\/uploads\/2020\/04\/servicios-juridicos.jpg 885w, https:\/\/administracioncasamayor.es\/wp-content\/uploads\/2020\/04\/servicios-juridicos-300x153.jpg 300w, https:\/\/administracioncasamayor.es\/wp-content\/uploads\/2020\/04\/servicios-juridicos-768x391.jpg 768w, https:\/\/administracioncasamayor.es\/wp-content\/uploads\/2020\/04\/servicios-juridicos-830x422.jpg 830w, https:\/\/administracioncasamayor.es\/wp-content\/uploads\/2020\/04\/servicios-juridicos-230x117.jpg 230w, https:\/\/administracioncasamayor.es\/wp-content\/uploads\/2020\/04\/servicios-juridicos-350x178.jpg 350w, https:\/\/administracioncasamayor.es\/wp-content\/uploads\/2020\/04\/servicios-juridicos-480x244.jpg 480w\" sizes=\"(max-width: 885px) 100vw, 885px\" \/>\t\t\t\t\t\t\t\t\t\t\t\t\t\t\t<\/div>\n\t\t\t\t<\/div>\n\t\t\t\t\t<\/div>\n\t\t<\/div>\n\t\t\t\t\t<\/div>\n\t\t<\/section>\n\t\t\t\t\t<\/div>\n\t\t<\/div>\n\t\t\t\t\t<\/div>\n\t\t<\/section>\n\t\t\t\t<\/div>\n\t\t","protected":false},"excerpt":{"rendered":"<p>Bl\u00e1zquez-Abogados Es un despacho de abogados ubicado en Logro\u00f1o, siendo su titular colegiado del Ilustre Colegio de Abogados de La Rioja, n\u00famero [&hellip;]<\/p>\n","protected":false},"author":1,"featured_media":0,"parent":0,"menu_order":0,"comment_status":"closed","ping_status":"closed","template":"page-templates\/page_front-page.php","meta":{"footnotes":""},"class_list":["post-641","page","type-page","status-publish","hentry"],"yoast_head":"<!-- This site is optimized with the Yoast SEO plugin v27.2 - https:\/\/yoast.com\/product\/yoast-seo-wordpress\/ -->\n<title>Abogados - Casamayor<\/title>\n<meta name=\"robots\" content=\"index, follow, max-snippet:-1, max-image-preview:large, max-video-preview:-1\" \/>\n<link rel=\"canonical\" href=\"https:\/\/administracioncasamayor.es\/?page_id=641\" \/>\n<meta property=\"og:locale\" content=\"es_ES\" \/>\n<meta property=\"og:type\" content=\"article\" \/>\n<meta property=\"og:title\" content=\"Abogados - Casamayor\" \/>\n<meta property=\"og:description\" content=\"Bl\u00e1zquez-Abogados Es un despacho de abogados ubicado en Logro\u00f1o, siendo su titular colegiado del Ilustre Colegio de Abogados de La Rioja, n\u00famero [&hellip;]\" \/>\n<meta property=\"og:url\" content=\"https:\/\/administracioncasamayor.es\/?page_id=641\" \/>\n<meta property=\"og:site_name\" content=\"Casamayor\" \/>\n<meta property=\"article:modified_time\" content=\"2020-04-07T07:51:31+00:00\" \/>\n<meta property=\"og:image\" content=\"https:\/\/administracioncasamayor.es\/wp-content\/uploads\/2020\/04\/LOGO_ABOG.png\" \/>\n<meta name=\"twitter:card\" content=\"summary_large_image\" \/>\n<meta name=\"twitter:label1\" content=\"Tiempo de lectura\" \/>\n\t<meta name=\"twitter:data1\" content=\"1 minuto\" \/>\n<script type=\"application\/ld+json\" class=\"yoast-schema-graph\">{\"@context\":\"https:\/\/schema.org\",\"@graph\":[{\"@type\":\"WebPage\",\"@id\":\"https:\/\/administracioncasamayor.es\/?page_id=641\",\"url\":\"https:\/\/administracioncasamayor.es\/?page_id=641\",\"name\":\"Abogados - Casamayor\",\"isPartOf\":{\"@id\":\"https:\/\/administracioncasamayor.es\/#website\"},\"primaryImageOfPage\":{\"@id\":\"https:\/\/administracioncasamayor.es\/?page_id=641#primaryimage\"},\"image\":{\"@id\":\"https:\/\/administracioncasamayor.es\/?page_id=641#primaryimage\"},\"thumbnailUrl\":\"https:\/\/administracioncasamayor.es\/wp-content\/uploads\/2020\/04\/LOGO_ABOG.png\",\"datePublished\":\"2020-04-07T07:16:20+00:00\",\"dateModified\":\"2020-04-07T07:51:31+00:00\",\"breadcrumb\":{\"@id\":\"https:\/\/administracioncasamayor.es\/?page_id=641#breadcrumb\"},\"inLanguage\":\"es\",\"potentialAction\":[{\"@type\":\"ReadAction\",\"target\":[\"https:\/\/administracioncasamayor.es\/?page_id=641\"]}]},{\"@type\":\"ImageObject\",\"inLanguage\":\"es\",\"@id\":\"https:\/\/administracioncasamayor.es\/?page_id=641#primaryimage\",\"url\":\"https:\/\/administracioncasamayor.es\/wp-content\/uploads\/2020\/04\/LOGO_ABOG.png\",\"contentUrl\":\"https:\/\/administracioncasamayor.es\/wp-content\/uploads\/2020\/04\/LOGO_ABOG.png\",\"width\":411,\"height\":265},{\"@type\":\"BreadcrumbList\",\"@id\":\"https:\/\/administracioncasamayor.es\/?page_id=641#breadcrumb\",\"itemListElement\":[{\"@type\":\"ListItem\",\"position\":1,\"name\":\"Portada\",\"item\":\"https:\/\/administracioncasamayor.es\/\"},{\"@type\":\"ListItem\",\"position\":2,\"name\":\"Abogados\"}]},{\"@type\":\"WebSite\",\"@id\":\"https:\/\/administracioncasamayor.es\/#website\",\"url\":\"https:\/\/administracioncasamayor.es\/\",\"name\":\"Casamayor\",\"description\":\"Rufino Manuel Bl\u00e1zquez, Abogado y Administrador de Fincas en Logro\u00f1o\",\"publisher\":{\"@id\":\"https:\/\/administracioncasamayor.es\/#organization\"},\"potentialAction\":[{\"@type\":\"SearchAction\",\"target\":{\"@type\":\"EntryPoint\",\"urlTemplate\":\"https:\/\/administracioncasamayor.es\/?s={search_term_string}\"},\"query-input\":{\"@type\":\"PropertyValueSpecification\",\"valueRequired\":true,\"valueName\":\"search_term_string\"}}],\"inLanguage\":\"es\"},{\"@type\":\"Organization\",\"@id\":\"https:\/\/administracioncasamayor.es\/#organization\",\"name\":\"Casamayor\",\"url\":\"https:\/\/administracioncasamayor.es\/\",\"logo\":{\"@type\":\"ImageObject\",\"inLanguage\":\"es\",\"@id\":\"https:\/\/administracioncasamayor.es\/#\/schema\/logo\/image\/\",\"url\":\"https:\/\/administracioncasamayor.es\/wp-content\/uploads\/2020\/04\/LOGO.png\",\"contentUrl\":\"https:\/\/administracioncasamayor.es\/wp-content\/uploads\/2020\/04\/LOGO.png\",\"width\":275,\"height\":114,\"caption\":\"Casamayor\"},\"image\":{\"@id\":\"https:\/\/administracioncasamayor.es\/#\/schema\/logo\/image\/\"}}]}<\/script>\n<!-- \/ Yoast SEO plugin. -->","yoast_head_json":{"title":"Abogados - Casamayor","robots":{"index":"index","follow":"follow","max-snippet":"max-snippet:-1","max-image-preview":"max-image-preview:large","max-video-preview":"max-video-preview:-1"},"canonical":"https:\/\/administracioncasamayor.es\/?page_id=641","og_locale":"es_ES","og_type":"article","og_title":"Abogados - Casamayor","og_description":"Bl\u00e1zquez-Abogados Es un despacho de abogados ubicado en Logro\u00f1o, siendo su titular colegiado del Ilustre Colegio de Abogados de La Rioja, n\u00famero [&hellip;]","og_url":"https:\/\/administracioncasamayor.es\/?page_id=641","og_site_name":"Casamayor","article_modified_time":"2020-04-07T07:51:31+00:00","og_image":[{"url":"https:\/\/administracioncasamayor.es\/wp-content\/uploads\/2020\/04\/LOGO_ABOG.png","type":"","width":"","height":""}],"twitter_card":"summary_large_image","twitter_misc":{"Tiempo de lectura":"1 minuto"},"schema":{"@context":"https:\/\/schema.org","@graph":[{"@type":"WebPage","@id":"https:\/\/administracioncasamayor.es\/?page_id=641","url":"https:\/\/administracioncasamayor.es\/?page_id=641","name":"Abogados - Casamayor","isPartOf":{"@id":"https:\/\/administracioncasamayor.es\/#website"},"primaryImageOfPage":{"@id":"https:\/\/administracioncasamayor.es\/?page_id=641#primaryimage"},"image":{"@id":"https:\/\/administracioncasamayor.es\/?page_id=641#primaryimage"},"thumbnailUrl":"https:\/\/administracioncasamayor.es\/wp-content\/uploads\/2020\/04\/LOGO_ABOG.png","datePublished":"2020-04-07T07:16:20+00:00","dateModified":"2020-04-07T07:51:31+00:00","breadcrumb":{"@id":"https:\/\/administracioncasamayor.es\/?page_id=641#breadcrumb"},"inLanguage":"es","potentialAction":[{"@type":"ReadAction","target":["https:\/\/administracioncasamayor.es\/?page_id=641"]}]},{"@type":"ImageObject","inLanguage":"es","@id":"https:\/\/administracioncasamayor.es\/?page_id=641#primaryimage","url":"https:\/\/administracioncasamayor.es\/wp-content\/uploads\/2020\/04\/LOGO_ABOG.png","contentUrl":"https:\/\/administracioncasamayor.es\/wp-content\/uploads\/2020\/04\/LOGO_ABOG.png","width":411,"height":265},{"@type":"BreadcrumbList","@id":"https:\/\/administracioncasamayor.es\/?page_id=641#breadcrumb","itemListElement":[{"@type":"ListItem","position":1,"name":"Portada","item":"https:\/\/administracioncasamayor.es\/"},{"@type":"ListItem","position":2,"name":"Abogados"}]},{"@type":"WebSite","@id":"https:\/\/administracioncasamayor.es\/#website","url":"https:\/\/administracioncasamayor.es\/","name":"Casamayor","description":"Rufino Manuel Bl\u00e1zquez, Abogado y Administrador de Fincas en Logro\u00f1o","publisher":{"@id":"https:\/\/administracioncasamayor.es\/#organization"},"potentialAction":[{"@type":"SearchAction","target":{"@type":"EntryPoint","urlTemplate":"https:\/\/administracioncasamayor.es\/?s={search_term_string}"},"query-input":{"@type":"PropertyValueSpecification","valueRequired":true,"valueName":"search_term_string"}}],"inLanguage":"es"},{"@type":"Organization","@id":"https:\/\/administracioncasamayor.es\/#organization","name":"Casamayor","url":"https:\/\/administracioncasamayor.es\/","logo":{"@type":"ImageObject","inLanguage":"es","@id":"https:\/\/administracioncasamayor.es\/#\/schema\/logo\/image\/","url":"https:\/\/administracioncasamayor.es\/wp-content\/uploads\/2020\/04\/LOGO.png","contentUrl":"https:\/\/administracioncasamayor.es\/wp-content\/uploads\/2020\/04\/LOGO.png","width":275,"height":114,"caption":"Casamayor"},"image":{"@id":"https:\/\/administracioncasamayor.es\/#\/schema\/logo\/image\/"}}]}},"_links":{"self":[{"href":"https:\/\/administracioncasamayor.es\/index.php?rest_route=\/wp\/v2\/pages\/641","targetHints":{"allow":["GET"]}}],"collection":[{"href":"https:\/\/administracioncasamayor.es\/index.php?rest_route=\/wp\/v2\/pages"}],"about":[{"href":"https:\/\/administracioncasamayor.es\/index.php?rest_route=\/wp\/v2\/types\/page"}],"author":[{"embeddable":true,"href":"https:\/\/administracioncasamayor.es\/index.php?rest_route=\/wp\/v2\/users\/1"}],"replies":[{"embeddable":true,"href":"https:\/\/administracioncasamayor.es\/index.php?rest_route=%2Fwp%2Fv2%2Fcomments&post=641"}],"version-history":[{"count":3,"href":"https:\/\/administracioncasamayor.es\/index.php?rest_route=\/wp\/v2\/pages\/641\/revisions"}],"predecessor-version":[{"id":654,"href":"https:\/\/administracioncasamayor.es\/index.php?rest_route=\/wp\/v2\/pages\/641\/revisions\/654"}],"wp:attachment":[{"href":"https:\/\/administracioncasamayor.es\/index.php?rest_route=%2Fwp%2Fv2%2Fmedia&parent=641"}],"curies":[{"name":"wp","href":"https:\/\/api.w.org\/{rel}","templated":true}]}}